{"id":969,"date":"2023-11-06T08:48:51","date_gmt":"2023-11-06T07:48:51","guid":{"rendered":"https:\/\/lisina.me\/about-us\/"},"modified":"2023-11-06T08:48:51","modified_gmt":"2023-11-06T07:48:51","slug":"about-us","status":"publish","type":"page","link":"https:\/\/lisina.me\/en\/about-us\/","title":{"rendered":"About Us"},"content":{"rendered":"\t\t<div data-elementor-type=\"wp-page\" data-elementor-id=\"969\" class=\"elementor elementor-969 elementor-18\" data-elementor-post-type=\"page\">\n\t\t\t\t\t\t\t\t\t<section class=\"elementor-section elementor-top-section elementor-element elementor-element-16f4557 elementor-section-boxed elementor-section-height-default elementor-section-height-default\" data-id=\"16f4557\" data-element_type=\"section\" data-settings=\"{&quot;jet_parallax_layout_list&quot;:[{&quot;jet_parallax_layout_image&quot;:{&quot;url&quot;:&quot;&quot;,&quot;id&quot;:&quot;&quot;,&quot;size&quot;:&quot;&quot;},&quot;_id&quot;:&quot;a73924c&quot;,&quot;jet_parallax_layout_image_tablet&quot;:{&quot;url&quot;:&quot;&quot;,&quot;id&quot;:&quot;&quot;,&quot;size&quot;:&quot;&quot;},&quot;jet_parallax_layout_image_mobile&quot;:{&quot;url&quot;:&quot;&quot;,&quot;id&quot;:&quot;&quot;,&quot;size&quot;:&quot;&quot;},&quot;jet_parallax_layout_speed&quot;:{&quot;unit&quot;:&quot;%&quot;,&quot;size&quot;:50,&quot;sizes&quot;:[]},&quot;jet_parallax_layout_type&quot;:&quot;scroll&quot;,&quot;jet_parallax_layout_direction&quot;:null,&quot;jet_parallax_layout_fx_direction&quot;:null,&quot;jet_parallax_layout_z_index&quot;:&quot;&quot;,&quot;jet_parallax_layout_bg_x&quot;:50,&quot;jet_parallax_layout_bg_x_tablet&quot;:&quot;&quot;,&quot;jet_parallax_layout_bg_x_mobile&quot;:&quot;&quot;,&quot;jet_parallax_layout_bg_y&quot;:50,&quot;jet_parallax_layout_bg_y_tablet&quot;:&quot;&quot;,&quot;jet_parallax_layout_bg_y_mobile&quot;:&quot;&quot;,&quot;jet_parallax_layout_bg_size&quot;:&quot;auto&quot;,&quot;jet_parallax_layout_bg_size_tablet&quot;:&quot;&quot;,&quot;jet_parallax_layout_bg_size_mobile&quot;:&quot;&quot;,&quot;jet_parallax_layout_animation_prop&quot;:&quot;transform&quot;,&quot;jet_parallax_layout_on&quot;:[&quot;desktop&quot;,&quot;tablet&quot;]}],&quot;background_background&quot;:&quot;classic&quot;}\">\n\t\t\t\t\t\t<div class=\"elementor-container elementor-column-gap-wide\">\n\t\t\t\t\t<div class=\"elementor-column elementor-col-100 elementor-top-column elementor-element elementor-element-53bbf1d\" data-id=\"53bbf1d\" data-element_type=\"column\">\n\t\t\t<div class=\"elementor-widget-wrap elementor-element-populated\">\n\t\t\t\t\t\t\t\t<div class=\"elementor-element elementor-element-fcdc03d elementor-widget elementor-widget-heading\" data-id=\"fcdc03d\" data-element_type=\"widget\" data-widget_type=\"heading.default\">\n\t\t\t\t<div class=\"elementor-widget-container\">\n\t\t\t<h1 class=\"elementor-heading-title elementor-size-default\">About Us<\/h1>\t\t<\/div>\n\t\t\t\t<\/div>\n\t\t\t\t\t<\/div>\n\t\t<\/div>\n\t\t\t\t\t\t\t<\/div>\n\t\t<\/section>\n\t\t\t\t<section class=\"elementor-section elementor-top-section elementor-element elementor-element-cb1c89e elementor-section-content-middle elementor-section-boxed elementor-section-height-default elementor-section-height-default\" data-id=\"cb1c89e\" data-element_type=\"section\" data-settings=\"{&quot;jet_parallax_layout_list&quot;:[{&quot;jet_parallax_layout_image&quot;:{&quot;url&quot;:&quot;&quot;,&quot;id&quot;:&quot;&quot;,&quot;size&quot;:&quot;&quot;},&quot;_id&quot;:&quot;a73924c&quot;,&quot;jet_parallax_layout_image_tablet&quot;:{&quot;url&quot;:&quot;&quot;,&quot;id&quot;:&quot;&quot;,&quot;size&quot;:&quot;&quot;},&quot;jet_parallax_layout_image_mobile&quot;:{&quot;url&quot;:&quot;&quot;,&quot;id&quot;:&quot;&quot;,&quot;size&quot;:&quot;&quot;},&quot;jet_parallax_layout_speed&quot;:{&quot;unit&quot;:&quot;%&quot;,&quot;size&quot;:50,&quot;sizes&quot;:[]},&quot;jet_parallax_layout_type&quot;:&quot;scroll&quot;,&quot;jet_parallax_layout_direction&quot;:null,&quot;jet_parallax_layout_fx_direction&quot;:null,&quot;jet_parallax_layout_z_index&quot;:&quot;&quot;,&quot;jet_parallax_layout_bg_x&quot;:50,&quot;jet_parallax_layout_bg_x_tablet&quot;:&quot;&quot;,&quot;jet_parallax_layout_bg_x_mobile&quot;:&quot;&quot;,&quot;jet_parallax_layout_bg_y&quot;:50,&quot;jet_parallax_layout_bg_y_tablet&quot;:&quot;&quot;,&quot;jet_parallax_layout_bg_y_mobile&quot;:&quot;&quot;,&quot;jet_parallax_layout_bg_size&quot;:&quot;auto&quot;,&quot;jet_parallax_layout_bg_size_tablet&quot;:&quot;&quot;,&quot;jet_parallax_layout_bg_size_mobile&quot;:&quot;&quot;,&quot;jet_parallax_layout_animation_prop&quot;:&quot;transform&quot;,&quot;jet_parallax_layout_on&quot;:[&quot;desktop&quot;,&quot;tablet&quot;]}]}\">\n\t\t\t\t\t\t<div class=\"elementor-container elementor-column-gap-wide\">\n\t\t\t\t\t<div class=\"elementor-column elementor-col-50 elementor-top-column elementor-element elementor-element-24e2552\" data-id=\"24e2552\" data-element_type=\"column\">\n\t\t\t<div class=\"elementor-widget-wrap elementor-element-populated\">\n\t\t\t\t\t\t\t\t<div class=\"elementor-element elementor-element-7ee8085 elementor-widget elementor-widget-text-editor\" data-id=\"7ee8085\" data-element_type=\"widget\" data-widget_type=\"text-editor.default\">\n\t\t\t\t<div class=\"elementor-widget-container\">\n\t\t\t\t\t\t\t<p>&#8220;Lisina&#8221; d.o.o. iz Nik\u0161i\u0107a je zvani\u010dno osnovano 05.07.1992. godine, kao porodi\u010dno preduze\u0107e, i spada u grupu malih preduze\u0107a, do 15 stalno zaposlenih uz dodatno anga\u017eovanje potrebne radne snage, u zavisnosti od obima poslova.<\/p>\n<p>Od svog osnivanja glavni koncept preduze\u0107a se zasnivao na proizvodnim djelatnostima.<\/p>\n<p>Koncept malog preduze\u0107a sa fleksibilnom organizacionom strukturom se pokazao kao uspje\u0161an vid poslovanja, i predstavlja okosnicu i u budu\u0107im razvojnim planovima.<br \/>Djelatnost preduze\u0107a je usmjerena u nekoliko proizvodnih programa i to: proizvodnju, projektovanje i plasman drvenih konstrukcija u sistemu LKV, projektovanje i plasman konstrukcija od lijepljenog lameliranog drveta, LLD-a, metalsko-konstruktivna radionica, arhitektonski biro, sa radioni\u010dkim i kancelarijskim prostorima, na parceli ukupne povr\u0161ine oko 4.000,0 m2, u Nik\u0161i\u0107u, Crna Gora.<\/p>\n\t\t\t\t\t\t<\/div>\n\t\t\t\t<\/div>\n\t\t\t\t\t<\/div>\n\t\t<\/div>\n\t\t\t\t<div class=\"elementor-column elementor-col-50 elementor-top-column elementor-element elementor-element-205224e\" data-id=\"205224e\" data-element_type=\"column\">\n\t\t\t<div class=\"elementor-widget-wrap elementor-element-populated\">\n\t\t\t\t\t\t\t\t<div class=\"elementor-element elementor-element-1454f8b elementor-widget elementor-widget-image\" data-id=\"1454f8b\" data-element_type=\"widget\" data-widget_type=\"image.default\">\n\t\t\t\t<div class=\"elementor-widget-container\">\n\t\t\t\t\t\t\t\t\t\t\t\t\t\t\t<img decoding=\"async\" loading=\"lazy\" width=\"800\" height=\"534\" src=\"https:\/\/lisina.me\/wp-content\/uploads\/working-on-a-construction-plans-DMNBU5U-1024x684.jpg\" class=\"attachment-large size-large wp-image-103\" alt=\"\" srcset=\"https:\/\/lisina.me\/wp-content\/uploads\/working-on-a-construction-plans-DMNBU5U-1024x684.jpg 1024w, https:\/\/lisina.me\/wp-content\/uploads\/working-on-a-construction-plans-DMNBU5U-600x401.jpg 600w, https:\/\/lisina.me\/wp-content\/uploads\/working-on-a-construction-plans-DMNBU5U-768x513.jpg 768w, https:\/\/lisina.me\/wp-content\/uploads\/working-on-a-construction-plans-DMNBU5U-1536x1025.jpg 1536w, https:\/\/lisina.me\/wp-content\/uploads\/working-on-a-construction-plans-DMNBU5U-2048x1367.jpg 2048w\" sizes=\"(max-width: 800px) 100vw, 800px\" \/>\t\t\t\t\t\t\t\t\t\t\t\t\t\t\t<\/div>\n\t\t\t\t<\/div>\n\t\t\t\t\t<\/div>\n\t\t<\/div>\n\t\t\t\t\t\t\t<\/div>\n\t\t<\/section>\n\t\t\t\t<section class=\"elementor-section elementor-top-section elementor-element elementor-element-088ffb2 elementor-section-boxed elementor-section-height-default elementor-section-height-default\" data-id=\"088ffb2\" data-element_type=\"section\" data-settings=\"{&quot;jet_parallax_layout_list&quot;:[{&quot;jet_parallax_layout_image&quot;:{&quot;url&quot;:&quot;&quot;,&quot;id&quot;:&quot;&quot;,&quot;size&quot;:&quot;&quot;},&quot;_id&quot;:&quot;a73924c&quot;,&quot;jet_parallax_layout_image_tablet&quot;:{&quot;url&quot;:&quot;&quot;,&quot;id&quot;:&quot;&quot;,&quot;size&quot;:&quot;&quot;},&quot;jet_parallax_layout_image_mobile&quot;:{&quot;url&quot;:&quot;&quot;,&quot;id&quot;:&quot;&quot;,&quot;size&quot;:&quot;&quot;},&quot;jet_parallax_layout_speed&quot;:{&quot;unit&quot;:&quot;%&quot;,&quot;size&quot;:50,&quot;sizes&quot;:[]},&quot;jet_parallax_layout_type&quot;:&quot;scroll&quot;,&quot;jet_parallax_layout_direction&quot;:null,&quot;jet_parallax_layout_fx_direction&quot;:null,&quot;jet_parallax_layout_z_index&quot;:&quot;&quot;,&quot;jet_parallax_layout_bg_x&quot;:50,&quot;jet_parallax_layout_bg_x_tablet&quot;:&quot;&quot;,&quot;jet_parallax_layout_bg_x_mobile&quot;:&quot;&quot;,&quot;jet_parallax_layout_bg_y&quot;:50,&quot;jet_parallax_layout_bg_y_tablet&quot;:&quot;&quot;,&quot;jet_parallax_layout_bg_y_mobile&quot;:&quot;&quot;,&quot;jet_parallax_layout_bg_size&quot;:&quot;auto&quot;,&quot;jet_parallax_layout_bg_size_tablet&quot;:&quot;&quot;,&quot;jet_parallax_layout_bg_size_mobile&quot;:&quot;&quot;,&quot;jet_parallax_layout_animation_prop&quot;:&quot;transform&quot;,&quot;jet_parallax_layout_on&quot;:[&quot;desktop&quot;,&quot;tablet&quot;]}]}\">\n\t\t\t\t\t\t<div class=\"elementor-container elementor-column-gap-wide\">\n\t\t\t\t\t<div class=\"elementor-column elementor-col-100 elementor-top-column elementor-element elementor-element-a62ec89\" data-id=\"a62ec89\" data-element_type=\"column\">\n\t\t\t<div class=\"elementor-widget-wrap elementor-element-populated\">\n\t\t\t\t\t\t\t\t<div class=\"elementor-element elementor-element-05ca4de elementor-widget-divider--view-line elementor-widget elementor-widget-divider\" data-id=\"05ca4de\" data-element_type=\"widget\" data-widget_type=\"divider.default\">\n\t\t\t\t<div class=\"elementor-widget-container\">\n\t\t\t\t\t<div class=\"elementor-divider\">\n\t\t\t<span class=\"elementor-divider-separator\">\n\t\t\t\t\t\t<\/span>\n\t\t<\/div>\n\t\t\t\t<\/div>\n\t\t\t\t<\/div>\n\t\t\t\t<div class=\"elementor-element elementor-element-bc8b5b8 elementor-widget elementor-widget-heading\" data-id=\"bc8b5b8\" data-element_type=\"widget\" data-widget_type=\"heading.default\">\n\t\t\t\t<div class=\"elementor-widget-container\">\n\t\t\t<h2 class=\"elementor-heading-title elementor-size-default\">Djelatnosti<\/h2>\t\t<\/div>\n\t\t\t\t<\/div>\n\t\t\t\t<div class=\"elementor-element elementor-element-22381c5 elementor-widget elementor-widget-text-editor\" data-id=\"22381c5\" data-element_type=\"widget\" data-widget_type=\"text-editor.default\">\n\t\t\t\t<div class=\"elementor-widget-container\">\n\t\t\t\t\t\t\t<p>Prvih 10 godina svoga postojanja preduze\u0107e &#8220;Lisina&#8221; je uglavnom poslovalo u okviru kapaciteta metalsko-konstruktivne radionice, gdje je najve\u0107i posao bio na izvo\u0111enju radova na opti\u010dkim spojnim putevima na teritoriji Crne Gore u period od 1996. do 2002. godine.<\/p>\n<p>Usmjeravanjem ka drvenim konstrukcijama u LKV sistemu i LLD-u ve\u0107 skoro dvadeset godina sa partnerima uspje\u0161no razvijamo primjenu savremenih drvenih konstrukcija na teritoriji Crne Gore, sa preko 100.000,0 m2 realizovanih projekata raznih vrsta i oblika drvenih konstrukcija.<\/p>\n<p>Projektovanje, proizvodnja i plasman LKV struktura se ostvaruje u kooperaciji sa preduze\u0107em &#8220;LKV-centar&#8221; iz Beograda i saradnicima sa Arhitektonskog fakulteta u Beogradu. (<a href=\"https:\/\/lkvcentar.com\/\">lkvcentar.com<\/a>)<\/p>\n<p>U plasmanu LLD konstrukcija sara\u0111ujemo sa firmama &#8220;Piramida&#8221; (<a href=\"https:\/\/piramidasm.rs\/\">piramidasm.rs<\/a>) i &#8220;Drvene konstrukcije&#8221; (<a href=\"http:\/\/drvene-konstrukcije.hr\/\">drvene-konstrukcije.hr<\/a>)<\/p>\n<p>Metalsko-konstruktivna radionica je i u funkciji izrade metalnih oslona\u010dkih i veznih elemenata za drvene konstrukcije koje se po potrebi i zahtjevu kupaca cinkuju.<\/p>\n<p>Pored osnovnih ili jednostavnih bravarskih radova izvode se i kompleksniji, kao npr. antenski stubovi visine 36 metara, metalni stubovi za potrebe mobilne telefonije, monta\u017ene hale i sl.<\/p>\n<p>Usluge arhitektonskog biroa su usmjerene za potrebe realizacije sopstvenih projekata i u slu\u010dajevima zadovoljenja specifi\u010dnih zahtjeva investitora kada se projektuju kreativna rje\u0161enja i proizvodi.<\/p>\n\t\t\t\t\t\t<\/div>\n\t\t\t\t<\/div>\n\t\t\t\t\t<\/div>\n\t\t<\/div>\n\t\t\t\t\t\t\t<\/div>\n\t\t<\/section>\n\t\t\t\t\t\t\t<\/div>\n\t\t","protected":false},"excerpt":{"rendered":"<p>About Us &#8220;Lisina&#8221; d.o.o. iz Nik\u0161i\u0107a je zvani\u010dno osnovano 05.07.1992. godine, kao porodi\u010dno preduze\u0107e, i spada u grupu malih preduze\u0107a, do 15 stalno zaposlenih uz dodatno anga\u017eovanje potrebne radne snage, u zavisnosti od obima poslova. Od svog osnivanja glavni koncept preduze\u0107a se zasnivao na proizvodnim djelatnostima. Koncept malog preduze\u0107a sa fleksibilnom organizacionom strukturom se pokazao [&hellip;]<\/p>\n","protected":false},"author":1,"featured_media":0,"parent":0,"menu_order":0,"comment_status":"closed","ping_status":"closed","template":"","meta":{"_seopress_robots_primary_cat":"","footnotes":""},"_links":{"self":[{"href":"https:\/\/lisina.me\/en\/wp-json\/wp\/v2\/pages\/969"}],"collection":[{"href":"https:\/\/lisina.me\/en\/wp-json\/wp\/v2\/pages"}],"about":[{"href":"https:\/\/lisina.me\/en\/wp-json\/wp\/v2\/types\/page"}],"author":[{"embeddable":true,"href":"https:\/\/lisina.me\/en\/wp-json\/wp\/v2\/users\/1"}],"replies":[{"embeddable":true,"href":"https:\/\/lisina.me\/en\/wp-json\/wp\/v2\/comments?post=969"}],"version-history":[{"count":1,"href":"https:\/\/lisina.me\/en\/wp-json\/wp\/v2\/pages\/969\/revisions"}],"predecessor-version":[{"id":970,"href":"https:\/\/lisina.me\/en\/wp-json\/wp\/v2\/pages\/969\/revisions\/970"}],"wp:attachment":[{"href":"https:\/\/lisina.me\/en\/wp-json\/wp\/v2\/media?parent=969"}],"curies":[{"name":"wp","href":"https:\/\/api.w.org\/{rel}","templated":true}]}}