{"id":975,"date":"2023-11-06T08:49:44","date_gmt":"2023-11-06T07:49:44","guid":{"rendered":"https:\/\/lisina.me\/lkv\/"},"modified":"2023-11-06T08:49:44","modified_gmt":"2023-11-06T07:49:44","slug":"lkv","status":"publish","type":"page","link":"https:\/\/lisina.me\/en\/lkv\/","title":{"rendered":"LKV"},"content":{"rendered":"\t\t<div data-elementor-type=\"wp-page\" data-elementor-id=\"975\" class=\"elementor elementor-975 elementor-22\" data-elementor-post-type=\"page\">\n\t\t\t\t\t\t\t\t\t<section class=\"elementor-section elementor-top-section elementor-element elementor-element-cce254e elementor-section-boxed elementor-section-height-default elementor-section-height-default\" data-id=\"cce254e\" data-element_type=\"section\" data-settings=\"{&quot;jet_parallax_layout_list&quot;:[{&quot;jet_parallax_layout_image&quot;:{&quot;url&quot;:&quot;&quot;,&quot;id&quot;:&quot;&quot;,&quot;size&quot;:&quot;&quot;},&quot;_id&quot;:&quot;a73924c&quot;,&quot;jet_parallax_layout_image_tablet&quot;:{&quot;url&quot;:&quot;&quot;,&quot;id&quot;:&quot;&quot;,&quot;size&quot;:&quot;&quot;},&quot;jet_parallax_layout_image_mobile&quot;:{&quot;url&quot;:&quot;&quot;,&quot;id&quot;:&quot;&quot;,&quot;size&quot;:&quot;&quot;},&quot;jet_parallax_layout_speed&quot;:{&quot;unit&quot;:&quot;%&quot;,&quot;size&quot;:50,&quot;sizes&quot;:[]},&quot;jet_parallax_layout_type&quot;:&quot;scroll&quot;,&quot;jet_parallax_layout_direction&quot;:null,&quot;jet_parallax_layout_fx_direction&quot;:null,&quot;jet_parallax_layout_z_index&quot;:&quot;&quot;,&quot;jet_parallax_layout_bg_x&quot;:50,&quot;jet_parallax_layout_bg_x_tablet&quot;:&quot;&quot;,&quot;jet_parallax_layout_bg_x_mobile&quot;:&quot;&quot;,&quot;jet_parallax_layout_bg_y&quot;:50,&quot;jet_parallax_layout_bg_y_tablet&quot;:&quot;&quot;,&quot;jet_parallax_layout_bg_y_mobile&quot;:&quot;&quot;,&quot;jet_parallax_layout_bg_size&quot;:&quot;auto&quot;,&quot;jet_parallax_layout_bg_size_tablet&quot;:&quot;&quot;,&quot;jet_parallax_layout_bg_size_mobile&quot;:&quot;&quot;,&quot;jet_parallax_layout_animation_prop&quot;:&quot;transform&quot;,&quot;jet_parallax_layout_on&quot;:[&quot;desktop&quot;,&quot;tablet&quot;]}],&quot;background_background&quot;:&quot;classic&quot;}\">\n\t\t\t\t\t\t<div class=\"elementor-container elementor-column-gap-wide\">\n\t\t\t\t\t<div class=\"elementor-column elementor-col-100 elementor-top-column elementor-element elementor-element-33fa8d8\" data-id=\"33fa8d8\" data-element_type=\"column\">\n\t\t\t<div class=\"elementor-widget-wrap elementor-element-populated\">\n\t\t\t\t\t\t\t\t<div class=\"elementor-element elementor-element-f9e0f3a elementor-widget elementor-widget-heading\" data-id=\"f9e0f3a\" data-element_type=\"widget\" data-widget_type=\"heading.default\">\n\t\t\t\t<div class=\"elementor-widget-container\">\n\t\t\t<h1 class=\"elementor-heading-title elementor-size-default\">LKV - laki krovni veza\u010di<\/h1>\t\t<\/div>\n\t\t\t\t<\/div>\n\t\t\t\t\t<\/div>\n\t\t<\/div>\n\t\t\t\t\t\t\t<\/div>\n\t\t<\/section>\n\t\t\t\t<section class=\"elementor-section elementor-top-section elementor-element elementor-element-cf31912 elementor-section-boxed elementor-section-height-default elementor-section-height-default\" data-id=\"cf31912\" data-element_type=\"section\" data-settings=\"{&quot;jet_parallax_layout_list&quot;:[{&quot;jet_parallax_layout_image&quot;:{&quot;url&quot;:&quot;&quot;,&quot;id&quot;:&quot;&quot;,&quot;size&quot;:&quot;&quot;},&quot;_id&quot;:&quot;a73924c&quot;,&quot;jet_parallax_layout_image_tablet&quot;:{&quot;url&quot;:&quot;&quot;,&quot;id&quot;:&quot;&quot;,&quot;size&quot;:&quot;&quot;},&quot;jet_parallax_layout_image_mobile&quot;:{&quot;url&quot;:&quot;&quot;,&quot;id&quot;:&quot;&quot;,&quot;size&quot;:&quot;&quot;},&quot;jet_parallax_layout_speed&quot;:{&quot;unit&quot;:&quot;%&quot;,&quot;size&quot;:50,&quot;sizes&quot;:[]},&quot;jet_parallax_layout_type&quot;:&quot;scroll&quot;,&quot;jet_parallax_layout_direction&quot;:null,&quot;jet_parallax_layout_fx_direction&quot;:null,&quot;jet_parallax_layout_z_index&quot;:&quot;&quot;,&quot;jet_parallax_layout_bg_x&quot;:50,&quot;jet_parallax_layout_bg_x_tablet&quot;:&quot;&quot;,&quot;jet_parallax_layout_bg_x_mobile&quot;:&quot;&quot;,&quot;jet_parallax_layout_bg_y&quot;:50,&quot;jet_parallax_layout_bg_y_tablet&quot;:&quot;&quot;,&quot;jet_parallax_layout_bg_y_mobile&quot;:&quot;&quot;,&quot;jet_parallax_layout_bg_size&quot;:&quot;auto&quot;,&quot;jet_parallax_layout_bg_size_tablet&quot;:&quot;&quot;,&quot;jet_parallax_layout_bg_size_mobile&quot;:&quot;&quot;,&quot;jet_parallax_layout_animation_prop&quot;:&quot;transform&quot;,&quot;jet_parallax_layout_on&quot;:[&quot;desktop&quot;,&quot;tablet&quot;]}]}\">\n\t\t\t\t\t\t<div class=\"elementor-container elementor-column-gap-wide\">\n\t\t\t\t\t<div class=\"elementor-column elementor-col-100 elementor-top-column elementor-element elementor-element-02c4c17\" data-id=\"02c4c17\" data-element_type=\"column\">\n\t\t\t<div class=\"elementor-widget-wrap elementor-element-populated\">\n\t\t\t\t\t\t\t\t<div class=\"elementor-element elementor-element-4bbec49 elementor-widget elementor-widget-text-editor\" data-id=\"4bbec49\" data-element_type=\"widget\" data-widget_type=\"text-editor.default\">\n\t\t\t\t<div class=\"elementor-widget-container\">\n\t\t\t\t\t\t\t<p>\u201cLKV sistem\u201d (skra\u0107enica od sistem Lakih Krovnih Veza\u010da) je industrijalizovani sistem za prefabrikovanu gradnju drvenih krovnih struktura po strogo kontrolisanoj i za\u0161ti\u0107enoj tehnologiji.<\/p>\n<p>Sistem je zasnovan na upotrebi specijalnog spojnog sredstva &#8211; metalnog konektera, kojim se formiraju \u010dvorne veze \u0161tapova re\u0161etkastog stati\u010dkog sistema u jednoj ravni.<br \/>Primjena \u201cLKV sistema\u201d je: u gradnji krovova objekata u novogradnji; u nadogradnji objekata sa dotrajalim krovnim pokriva\u010dem; u nadogradnji objekata sa neracionalnom postoje\u0107om krovnom konstrukcijom; pri pretvaranju ravnih krovova u kose krovove sa formiranjem stambenih potkrovlja; u sanaciji ravnih krovova; za izgradnju poljoprivrednih i industrijskih objekata, vi\u0161enamjenskih hala, sportskih dvorana&#8230;<\/p>\n<p>Autor sistema je prof. dr Vojislav Kijund\u017ei\u0107, arh.,<\/p>\n<p>Preduze\u0107e \u201cLKV centar\u201d iz Beograda je nosilac autorskih prava za proizvodnju, projektovanje i plasman \u201cLKV sistema\u201d. Stru\u010dnjaci \u201cLKV centra\u201d, na \u010delu sa prof. Kujund\u017ei\u0107em, svakodnevno rade na kontroli kvaliteta i usavr\u0161avanju softverskog paketa za stati\u010dku analizu LKV nosa\u010da. Zahvaljuju\u0107i iskustvima desetogodi\u0161njeg intenzivnog teorijskog i eksperimentalnog rada \u201cLKV sistem\u201d se nalazi u samom vrhu sistema za prefabrikovanu gradnju, sa izuzetnim karakteristikama, naro\u010dito u domenu racionalizacije. <br \/>Prednosti \u201cLKV sistema\u201d nad ostalim na\u010dinima gradnje krovnih konstrukcija su u ekonomi\u010dnosti proizvodnje, u\u0161tedi u materijalu (drvo,metal), efikasnoj i lakoj monta\u017ei i ekonomskoj tr\u017ei\u0161noj cijeni.<\/p>\n<p>Na osnovu ugovora o poslovnoj saradnji na\u0161e preduze\u0107e, \u201cLisina\u201d, d.o.o.-Nik\u0161i\u0107, je ovla\u0161\u0107eni zastupnik za projektovanje, proizvodnju i plasman \u201cLKV sistema\u201d na teritoriji Crne Gore.<\/p>\n<p>Razvoj drvenih krovnih konstrukcija u sistemu LKV je osnovna djelatnost preduze\u0107a u poslednjih deset godina, od kada je isprojektovano i montirano preko 100.000,0 m2 povr\u0161ina, sanacija ravnih krovova, slo\u017eenih krovova, mansardi i sl.<\/p>\n<p>Iskustvo u primjeni LKV sistema u Crnoj Gori je pokazalo da prakti\u010dno ne postoji osnova objekta i projektantski zadatak za koji se ne mo\u017ee formirati LKV konstrukcija.<\/p>\n\t\t\t\t\t\t<\/div>\n\t\t\t\t<\/div>\n\t\t\t\t<div class=\"elementor-element elementor-element-e864997 elementor-widget elementor-widget-gallery\" data-id=\"e864997\" data-element_type=\"widget\" data-settings=\"{&quot;gallery_layout&quot;:&quot;masonry&quot;,&quot;columns&quot;:5,&quot;columns_tablet&quot;:4,&quot;columns_mobile&quot;:3,&quot;lazyload&quot;:&quot;yes&quot;,&quot;gap&quot;:{&quot;unit&quot;:&quot;px&quot;,&quot;size&quot;:10,&quot;sizes&quot;:[]},&quot;gap_tablet&quot;:{&quot;unit&quot;:&quot;px&quot;,&quot;size&quot;:10,&quot;sizes&quot;:[]},&quot;gap_mobile&quot;:{&quot;unit&quot;:&quot;px&quot;,&quot;size&quot;:10,&quot;sizes&quot;:[]},&quot;link_to&quot;:&quot;file&quot;,&quot;overlay_background&quot;:&quot;yes&quot;,&quot;content_hover_animation&quot;:&quot;fade-in&quot;}\" data-widget_type=\"gallery.default\">\n\t\t\t\t<div class=\"elementor-widget-container\">\n\t\t\t\t\t<div class=\"elementor-gallery__container\">\n\t\t\t\t\t\t\t<a class=\"e-gallery-item elementor-gallery-item elementor-animated-content\" href=\"https:\/\/lisina.me\/wp-content\/uploads\/lkv_7.jpg\" data-elementor-open-lightbox=\"yes\" data-elementor-lightbox-slideshow=\"e864997\" data-elementor-lightbox-title=\"lkv_7\" data-e-action-hash=\"#elementor-action%3Aaction%3Dlightbox%26settings%3DeyJpZCI6NjQ0LCJ1cmwiOiJodHRwczpcL1wvbGlzaW5hLm1lXC93cC1jb250ZW50XC91cGxvYWRzXC9sa3ZfNy5qcGciLCJzbGlkZXNob3ciOiJlODY0OTk3In0%3D\">\n\t\t\t\t\t<div class=\"e-gallery-image elementor-gallery-item__image\" data-thumbnail=\"https:\/\/lisina.me\/wp-content\/uploads\/lkv_7-683x1024.jpg\" data-width=\"683\" data-height=\"1024\" aria-label=\"\" role=\"img\" ><\/div>\n\t\t\t\t\t\t\t\t\t\t\t<div class=\"elementor-gallery-item__overlay\"><\/div>\n\t\t\t\t\t\t\t\t\t\t\t\t\t\t<\/a>\n\t\t\t\t\t\t\t<a class=\"e-gallery-item elementor-gallery-item elementor-animated-content\" href=\"https:\/\/lisina.me\/wp-content\/uploads\/lkv_6.jpg\" data-elementor-open-lightbox=\"yes\" data-elementor-lightbox-slideshow=\"e864997\" data-elementor-lightbox-title=\"lkv_6\" data-e-action-hash=\"#elementor-action%3Aaction%3Dlightbox%26settings%3DeyJpZCI6NjQxLCJ1cmwiOiJodHRwczpcL1wvbGlzaW5hLm1lXC93cC1jb250ZW50XC91cGxvYWRzXC9sa3ZfNi5qcGciLCJzbGlkZXNob3ciOiJlODY0OTk3In0%3D\">\n\t\t\t\t\t<div class=\"e-gallery-image elementor-gallery-item__image\" data-thumbnail=\"https:\/\/lisina.me\/wp-content\/uploads\/lkv_6-1024x683.jpg\" data-width=\"800\" data-height=\"534\" aria-label=\"\" role=\"img\" ><\/div>\n\t\t\t\t\t\t\t\t\t\t\t<div class=\"elementor-gallery-item__overlay\"><\/div>\n\t\t\t\t\t\t\t\t\t\t\t\t\t\t<\/a>\n\t\t\t\t\t\t\t<a class=\"e-gallery-item elementor-gallery-item elementor-animated-content\" href=\"https:\/\/lisina.me\/wp-content\/uploads\/lkv_11.jpg\" data-elementor-open-lightbox=\"yes\" data-elementor-lightbox-slideshow=\"e864997\" data-elementor-lightbox-title=\"lkv_11\" data-e-action-hash=\"#elementor-action%3Aaction%3Dlightbox%26settings%3DeyJpZCI6NjU2LCJ1cmwiOiJodHRwczpcL1wvbGlzaW5hLm1lXC93cC1jb250ZW50XC91cGxvYWRzXC9sa3ZfMTEuanBnIiwic2xpZGVzaG93IjoiZTg2NDk5NyJ9\">\n\t\t\t\t\t<div class=\"e-gallery-image elementor-gallery-item__image\" data-thumbnail=\"https:\/\/lisina.me\/wp-content\/uploads\/lkv_11-1024x683.jpg\" data-width=\"800\" data-height=\"534\" aria-label=\"\" role=\"img\" ><\/div>\n\t\t\t\t\t\t\t\t\t\t\t<div class=\"elementor-gallery-item__overlay\"><\/div>\n\t\t\t\t\t\t\t\t\t\t\t\t\t\t<\/a>\n\t\t\t\t\t\t\t<a class=\"e-gallery-item elementor-gallery-item elementor-animated-content\" href=\"https:\/\/lisina.me\/wp-content\/uploads\/lkv_5.jpg\" data-elementor-open-lightbox=\"yes\" data-elementor-lightbox-slideshow=\"e864997\" data-elementor-lightbox-title=\"lkv_5\" data-e-action-hash=\"#elementor-action%3Aaction%3Dlightbox%26settings%3DeyJpZCI6NjM4LCJ1cmwiOiJodHRwczpcL1wvbGlzaW5hLm1lXC93cC1jb250ZW50XC91cGxvYWRzXC9sa3ZfNS5qcGciLCJzbGlkZXNob3ciOiJlODY0OTk3In0%3D\">\n\t\t\t\t\t<div class=\"e-gallery-image elementor-gallery-item__image\" data-thumbnail=\"https:\/\/lisina.me\/wp-content\/uploads\/lkv_5-683x1024.jpg\" data-width=\"683\" data-height=\"1024\" aria-label=\"\" role=\"img\" ><\/div>\n\t\t\t\t\t\t\t\t\t\t\t<div class=\"elementor-gallery-item__overlay\"><\/div>\n\t\t\t\t\t\t\t\t\t\t\t\t\t\t<\/a>\n\t\t\t\t\t\t\t<a class=\"e-gallery-item elementor-gallery-item elementor-animated-content\" href=\"https:\/\/lisina.me\/wp-content\/uploads\/lkv_3.jpg\" data-elementor-open-lightbox=\"yes\" data-elementor-lightbox-slideshow=\"e864997\" data-elementor-lightbox-title=\"lkv_3\" data-e-action-hash=\"#elementor-action%3Aaction%3Dlightbox%26settings%3DeyJpZCI6NjMyLCJ1cmwiOiJodHRwczpcL1wvbGlzaW5hLm1lXC93cC1jb250ZW50XC91cGxvYWRzXC9sa3ZfMy5qcGciLCJzbGlkZXNob3ciOiJlODY0OTk3In0%3D\">\n\t\t\t\t\t<div class=\"e-gallery-image elementor-gallery-item__image\" data-thumbnail=\"https:\/\/lisina.me\/wp-content\/uploads\/lkv_3-1024x683.jpg\" data-width=\"800\" data-height=\"534\" aria-label=\"\" role=\"img\" ><\/div>\n\t\t\t\t\t\t\t\t\t\t\t<div class=\"elementor-gallery-item__overlay\"><\/div>\n\t\t\t\t\t\t\t\t\t\t\t\t\t\t<\/a>\n\t\t\t\t\t\t\t<a class=\"e-gallery-item elementor-gallery-item elementor-animated-content\" href=\"https:\/\/lisina.me\/wp-content\/uploads\/lkv_12.jpg\" data-elementor-open-lightbox=\"yes\" data-elementor-lightbox-slideshow=\"e864997\" data-elementor-lightbox-title=\"lkv_12\" data-e-action-hash=\"#elementor-action%3Aaction%3Dlightbox%26settings%3DeyJpZCI6NjU5LCJ1cmwiOiJodHRwczpcL1wvbGlzaW5hLm1lXC93cC1jb250ZW50XC91cGxvYWRzXC9sa3ZfMTIuanBnIiwic2xpZGVzaG93IjoiZTg2NDk5NyJ9\">\n\t\t\t\t\t<div class=\"e-gallery-image elementor-gallery-item__image\" data-thumbnail=\"https:\/\/lisina.me\/wp-content\/uploads\/lkv_12-683x1024.jpg\" data-width=\"683\" data-height=\"1024\" aria-label=\"\" role=\"img\" ><\/div>\n\t\t\t\t\t\t\t\t\t\t\t<div class=\"elementor-gallery-item__overlay\"><\/div>\n\t\t\t\t\t\t\t\t\t\t\t\t\t\t<\/a>\n\t\t\t\t\t\t\t<a class=\"e-gallery-item elementor-gallery-item elementor-animated-content\" href=\"https:\/\/lisina.me\/wp-content\/uploads\/lkv_8.jpg\" data-elementor-open-lightbox=\"yes\" data-elementor-lightbox-slideshow=\"e864997\" data-elementor-lightbox-title=\"lkv_8\" data-e-action-hash=\"#elementor-action%3Aaction%3Dlightbox%26settings%3DeyJpZCI6NjQ3LCJ1cmwiOiJodHRwczpcL1wvbGlzaW5hLm1lXC93cC1jb250ZW50XC91cGxvYWRzXC9sa3ZfOC5qcGciLCJzbGlkZXNob3ciOiJlODY0OTk3In0%3D\">\n\t\t\t\t\t<div class=\"e-gallery-image elementor-gallery-item__image\" data-thumbnail=\"https:\/\/lisina.me\/wp-content\/uploads\/lkv_8-683x1024.jpg\" data-width=\"683\" data-height=\"1024\" aria-label=\"\" role=\"img\" ><\/div>\n\t\t\t\t\t\t\t\t\t\t\t<div class=\"elementor-gallery-item__overlay\"><\/div>\n\t\t\t\t\t\t\t\t\t\t\t\t\t\t<\/a>\n\t\t\t\t\t\t\t<a class=\"e-gallery-item elementor-gallery-item elementor-animated-content\" href=\"https:\/\/lisina.me\/wp-content\/uploads\/lkv_9.jpg\" data-elementor-open-lightbox=\"yes\" data-elementor-lightbox-slideshow=\"e864997\" data-elementor-lightbox-title=\"lkv_9\" data-e-action-hash=\"#elementor-action%3Aaction%3Dlightbox%26settings%3DeyJpZCI6NjUwLCJ1cmwiOiJodHRwczpcL1wvbGlzaW5hLm1lXC93cC1jb250ZW50XC91cGxvYWRzXC9sa3ZfOS5qcGciLCJzbGlkZXNob3ciOiJlODY0OTk3In0%3D\">\n\t\t\t\t\t<div class=\"e-gallery-image elementor-gallery-item__image\" data-thumbnail=\"https:\/\/lisina.me\/wp-content\/uploads\/lkv_9-1024x648.jpg\" data-width=\"800\" data-height=\"506\" aria-label=\"\" role=\"img\" ><\/div>\n\t\t\t\t\t\t\t\t\t\t\t<div class=\"elementor-gallery-item__overlay\"><\/div>\n\t\t\t\t\t\t\t\t\t\t\t\t\t\t<\/a>\n\t\t\t\t\t\t\t<a class=\"e-gallery-item elementor-gallery-item elementor-animated-content\" href=\"https:\/\/lisina.me\/wp-content\/uploads\/lkv_0.jpg\" data-elementor-open-lightbox=\"yes\" data-elementor-lightbox-slideshow=\"e864997\" data-elementor-lightbox-title=\"lkv_0\" data-e-action-hash=\"#elementor-action%3Aaction%3Dlightbox%26settings%3DeyJpZCI6NjIzLCJ1cmwiOiJodHRwczpcL1wvbGlzaW5hLm1lXC93cC1jb250ZW50XC91cGxvYWRzXC9sa3ZfMC5qcGciLCJzbGlkZXNob3ciOiJlODY0OTk3In0%3D\">\n\t\t\t\t\t<div class=\"e-gallery-image elementor-gallery-item__image\" data-thumbnail=\"https:\/\/lisina.me\/wp-content\/uploads\/lkv_0-1024x683.jpg\" data-width=\"800\" data-height=\"534\" aria-label=\"\" role=\"img\" ><\/div>\n\t\t\t\t\t\t\t\t\t\t\t<div class=\"elementor-gallery-item__overlay\"><\/div>\n\t\t\t\t\t\t\t\t\t\t\t\t\t\t<\/a>\n\t\t\t\t\t\t\t<a class=\"e-gallery-item elementor-gallery-item elementor-animated-content\" href=\"https:\/\/lisina.me\/wp-content\/uploads\/lkv_10.jpg\" data-elementor-open-lightbox=\"yes\" data-elementor-lightbox-slideshow=\"e864997\" data-elementor-lightbox-title=\"lkv_10\" data-e-action-hash=\"#elementor-action%3Aaction%3Dlightbox%26settings%3DeyJpZCI6NjUzLCJ1cmwiOiJodHRwczpcL1wvbGlzaW5hLm1lXC93cC1jb250ZW50XC91cGxvYWRzXC9sa3ZfMTAuanBnIiwic2xpZGVzaG93IjoiZTg2NDk5NyJ9\">\n\t\t\t\t\t<div class=\"e-gallery-image elementor-gallery-item__image\" data-thumbnail=\"https:\/\/lisina.me\/wp-content\/uploads\/lkv_10-585x1024.jpg\" data-width=\"585\" data-height=\"1024\" aria-label=\"\" role=\"img\" ><\/div>\n\t\t\t\t\t\t\t\t\t\t\t<div class=\"elementor-gallery-item__overlay\"><\/div>\n\t\t\t\t\t\t\t\t\t\t\t\t\t\t<\/a>\n\t\t\t\t\t\t\t<a class=\"e-gallery-item elementor-gallery-item elementor-animated-content\" href=\"https:\/\/lisina.me\/wp-content\/uploads\/lkv_1.jpg\" data-elementor-open-lightbox=\"yes\" data-elementor-lightbox-slideshow=\"e864997\" data-elementor-lightbox-title=\"lkv_1\" data-e-action-hash=\"#elementor-action%3Aaction%3Dlightbox%26settings%3DeyJpZCI6NjI2LCJ1cmwiOiJodHRwczpcL1wvbGlzaW5hLm1lXC93cC1jb250ZW50XC91cGxvYWRzXC9sa3ZfMS5qcGciLCJzbGlkZXNob3ciOiJlODY0OTk3In0%3D\">\n\t\t\t\t\t<div class=\"e-gallery-image elementor-gallery-item__image\" data-thumbnail=\"https:\/\/lisina.me\/wp-content\/uploads\/lkv_1-1024x512.jpg\" data-width=\"800\" data-height=\"400\" aria-label=\"\" role=\"img\" ><\/div>\n\t\t\t\t\t\t\t\t\t\t\t<div class=\"elementor-gallery-item__overlay\"><\/div>\n\t\t\t\t\t\t\t\t\t\t\t\t\t\t<\/a>\n\t\t\t\t\t\t\t<a class=\"e-gallery-item elementor-gallery-item elementor-animated-content\" href=\"https:\/\/lisina.me\/wp-content\/uploads\/lkv_4.jpg\" data-elementor-open-lightbox=\"yes\" data-elementor-lightbox-slideshow=\"e864997\" data-elementor-lightbox-title=\"lkv_4\" data-e-action-hash=\"#elementor-action%3Aaction%3Dlightbox%26settings%3DeyJpZCI6NjM1LCJ1cmwiOiJodHRwczpcL1wvbGlzaW5hLm1lXC93cC1jb250ZW50XC91cGxvYWRzXC9sa3ZfNC5qcGciLCJzbGlkZXNob3ciOiJlODY0OTk3In0%3D\">\n\t\t\t\t\t<div class=\"e-gallery-image elementor-gallery-item__image\" data-thumbnail=\"https:\/\/lisina.me\/wp-content\/uploads\/lkv_4-1024x683.jpg\" data-width=\"800\" data-height=\"534\" aria-label=\"\" role=\"img\" ><\/div>\n\t\t\t\t\t\t\t\t\t\t\t<div class=\"elementor-gallery-item__overlay\"><\/div>\n\t\t\t\t\t\t\t\t\t\t\t\t\t\t<\/a>\n\t\t\t\t\t<\/div>\n\t\t\t<\/div>\n\t\t\t\t<\/div>\n\t\t\t\t\t<\/div>\n\t\t<\/div>\n\t\t\t\t\t\t\t<\/div>\n\t\t<\/section>\n\t\t\t\t\t\t\t<\/div>\n\t\t","protected":false},"excerpt":{"rendered":"<p>LKV &#8211; laki krovni veza\u010di \u201cLKV sistem\u201d (skra\u0107enica od sistem Lakih Krovnih Veza\u010da) je industrijalizovani sistem za prefabrikovanu gradnju drvenih krovnih struktura po strogo kontrolisanoj i za\u0161ti\u0107enoj tehnologiji. Sistem je zasnovan na upotrebi specijalnog spojnog sredstva &#8211; metalnog konektera, kojim se formiraju \u010dvorne veze \u0161tapova re\u0161etkastog stati\u010dkog sistema u jednoj ravni.Primjena \u201cLKV sistema\u201d je: u [&hellip;]<\/p>\n","protected":false},"author":1,"featured_media":0,"parent":0,"menu_order":0,"comment_status":"closed","ping_status":"closed","template":"","meta":{"_seopress_robots_primary_cat":"","footnotes":""},"_links":{"self":[{"href":"https:\/\/lisina.me\/en\/wp-json\/wp\/v2\/pages\/975"}],"collection":[{"href":"https:\/\/lisina.me\/en\/wp-json\/wp\/v2\/pages"}],"about":[{"href":"https:\/\/lisina.me\/en\/wp-json\/wp\/v2\/types\/page"}],"author":[{"embeddable":true,"href":"https:\/\/lisina.me\/en\/wp-json\/wp\/v2\/users\/1"}],"replies":[{"embeddable":true,"href":"https:\/\/lisina.me\/en\/wp-json\/wp\/v2\/comments?post=975"}],"version-history":[{"count":1,"href":"https:\/\/lisina.me\/en\/wp-json\/wp\/v2\/pages\/975\/revisions"}],"predecessor-version":[{"id":976,"href":"https:\/\/lisina.me\/en\/wp-json\/wp\/v2\/pages\/975\/revisions\/976"}],"wp:attachment":[{"href":"https:\/\/lisina.me\/en\/wp-json\/wp\/v2\/media?parent=975"}],"curies":[{"name":"wp","href":"https:\/\/api.w.org\/{rel}","templated":true}]}}