{"id":850,"date":"2020-10-16T12:27:40","date_gmt":"2020-10-16T11:27:40","guid":{"rendered":"https:\/\/lisina.me\/%d1%80%d0%b5%d1%84%d0%b5%d1%80%d0%b5%d0%bd%d1%86%d0%b5\/"},"modified":"2020-10-16T12:27:41","modified_gmt":"2020-10-16T11:27:41","slug":"%d1%80%d0%b5%d1%84%d0%b5%d1%80%d0%b5%d0%bd%d1%86%d0%b5","status":"publish","type":"page","link":"https:\/\/lisina.me\/sr\/%d1%80%d0%b5%d1%84%d0%b5%d1%80%d0%b5%d0%bd%d1%86%d0%b5\/","title":{"rendered":"\u0420\u0435\u0444\u0435\u0440\u0435\u043d\u0446\u0435"},"content":{"rendered":"\t\t<div data-elementor-type=\"wp-page\" data-elementor-id=\"850\" class=\"elementor elementor-850 elementor-32\" data-elementor-post-type=\"page\">\n\t\t\t\t\t\t\t\t\t<section class=\"elementor-section elementor-top-section elementor-element elementor-element-ccae678 elementor-section-boxed elementor-section-height-default elementor-section-height-default\" data-id=\"ccae678\" data-element_type=\"section\" data-settings=\"{&quot;jet_parallax_layout_list&quot;:[{&quot;jet_parallax_layout_image&quot;:{&quot;url&quot;:&quot;&quot;,&quot;id&quot;:&quot;&quot;,&quot;size&quot;:&quot;&quot;},&quot;_id&quot;:&quot;a73924c&quot;,&quot;jet_parallax_layout_image_tablet&quot;:{&quot;url&quot;:&quot;&quot;,&quot;id&quot;:&quot;&quot;,&quot;size&quot;:&quot;&quot;},&quot;jet_parallax_layout_image_mobile&quot;:{&quot;url&quot;:&quot;&quot;,&quot;id&quot;:&quot;&quot;,&quot;size&quot;:&quot;&quot;},&quot;jet_parallax_layout_speed&quot;:{&quot;unit&quot;:&quot;%&quot;,&quot;size&quot;:50,&quot;sizes&quot;:[]},&quot;jet_parallax_layout_type&quot;:&quot;scroll&quot;,&quot;jet_parallax_layout_direction&quot;:null,&quot;jet_parallax_layout_fx_direction&quot;:null,&quot;jet_parallax_layout_z_index&quot;:&quot;&quot;,&quot;jet_parallax_layout_bg_x&quot;:50,&quot;jet_parallax_layout_bg_x_tablet&quot;:&quot;&quot;,&quot;jet_parallax_layout_bg_x_mobile&quot;:&quot;&quot;,&quot;jet_parallax_layout_bg_y&quot;:50,&quot;jet_parallax_layout_bg_y_tablet&quot;:&quot;&quot;,&quot;jet_parallax_layout_bg_y_mobile&quot;:&quot;&quot;,&quot;jet_parallax_layout_bg_size&quot;:&quot;auto&quot;,&quot;jet_parallax_layout_bg_size_tablet&quot;:&quot;&quot;,&quot;jet_parallax_layout_bg_size_mobile&quot;:&quot;&quot;,&quot;jet_parallax_layout_animation_prop&quot;:&quot;transform&quot;,&quot;jet_parallax_layout_on&quot;:[&quot;desktop&quot;,&quot;tablet&quot;]}],&quot;background_background&quot;:&quot;classic&quot;}\">\n\t\t\t\t\t\t<div class=\"elementor-container elementor-column-gap-wide\">\n\t\t\t\t\t<div class=\"elementor-column elementor-col-100 elementor-top-column elementor-element elementor-element-9f65369\" data-id=\"9f65369\" data-element_type=\"column\">\n\t\t\t<div class=\"elementor-widget-wrap elementor-element-populated\">\n\t\t\t\t\t\t\t\t<div class=\"elementor-element elementor-element-3fdf59a elementor-widget elementor-widget-heading\" data-id=\"3fdf59a\" data-element_type=\"widget\" data-widget_type=\"heading.default\">\n\t\t\t\t<div class=\"elementor-widget-container\">\n\t\t\t<h1 class=\"elementor-heading-title elementor-size-default\">\u0420\u0435\u0444\u0435\u0440\u0435\u043d\u0446\u0435<\/h1>\t\t<\/div>\n\t\t\t\t<\/div>\n\t\t\t\t\t<\/div>\n\t\t<\/div>\n\t\t\t\t\t\t\t<\/div>\n\t\t<\/section>\n\t\t\t\t<section class=\"elementor-section elementor-top-section elementor-element elementor-element-59de938 elementor-section-boxed elementor-section-height-default elementor-section-height-default\" data-id=\"59de938\" data-element_type=\"section\" data-settings=\"{&quot;jet_parallax_layout_list&quot;:[{&quot;jet_parallax_layout_image&quot;:{&quot;url&quot;:&quot;&quot;,&quot;id&quot;:&quot;&quot;,&quot;size&quot;:&quot;&quot;},&quot;_id&quot;:&quot;a73924c&quot;,&quot;jet_parallax_layout_image_tablet&quot;:{&quot;url&quot;:&quot;&quot;,&quot;id&quot;:&quot;&quot;,&quot;size&quot;:&quot;&quot;},&quot;jet_parallax_layout_image_mobile&quot;:{&quot;url&quot;:&quot;&quot;,&quot;id&quot;:&quot;&quot;,&quot;size&quot;:&quot;&quot;},&quot;jet_parallax_layout_speed&quot;:{&quot;unit&quot;:&quot;%&quot;,&quot;size&quot;:50,&quot;sizes&quot;:[]},&quot;jet_parallax_layout_type&quot;:&quot;scroll&quot;,&quot;jet_parallax_layout_direction&quot;:null,&quot;jet_parallax_layout_fx_direction&quot;:null,&quot;jet_parallax_layout_z_index&quot;:&quot;&quot;,&quot;jet_parallax_layout_bg_x&quot;:50,&quot;jet_parallax_layout_bg_x_tablet&quot;:&quot;&quot;,&quot;jet_parallax_layout_bg_x_mobile&quot;:&quot;&quot;,&quot;jet_parallax_layout_bg_y&quot;:50,&quot;jet_parallax_layout_bg_y_tablet&quot;:&quot;&quot;,&quot;jet_parallax_layout_bg_y_mobile&quot;:&quot;&quot;,&quot;jet_parallax_layout_bg_size&quot;:&quot;auto&quot;,&quot;jet_parallax_layout_bg_size_tablet&quot;:&quot;&quot;,&quot;jet_parallax_layout_bg_size_mobile&quot;:&quot;&quot;,&quot;jet_parallax_layout_animation_prop&quot;:&quot;transform&quot;,&quot;jet_parallax_layout_on&quot;:[&quot;desktop&quot;,&quot;tablet&quot;]}]}\">\n\t\t\t\t\t\t<div class=\"elementor-container elementor-column-gap-wide\">\n\t\t\t\t\t<div class=\"elementor-column elementor-col-100 elementor-top-column elementor-element elementor-element-16ce56b\" data-id=\"16ce56b\" data-element_type=\"column\">\n\t\t\t<div class=\"elementor-widget-wrap elementor-element-populated\">\n\t\t\t\t\t\t\t\t<div class=\"elementor-element elementor-element-abd5fe2 elementor-widget elementor-widget-text-editor\" data-id=\"abd5fe2\" data-element_type=\"widget\" data-widget_type=\"text-editor.default\">\n\t\t\t\t<div class=\"elementor-widget-container\">\n\t\t\t\t\t\t\t<ul>\n<li><strong>Pergole od LLD-a i kovane ograde, Kompleks Lustica Bay, Radovi\u0107i<\/strong> &#8211; Investitor: NV Besix dsd Tivat<\/li>\n<li><strong>Izrada unutra\u0161njeg stepeni\u0161ta, \u010deli\u010dna konstrukcija\/hrastova gazi\u0161ta, Kompleks Lustica Bay, Radovi\u0107i<\/strong> &#8211; Investitor: NV Besix dsd Tivat<\/li>\n<li><strong>Izrada i monta\u017ea \u010deli\u010dne konstrukcije na ulazu u hotel CHEDI, Kompleks Lustica Bay, Radovi\u0107i<\/strong> &#8211; Investitor: NV Besix dsd Tivat<\/li>\n<li><strong>Izrada i monta\u017ea \u010deli\u010dne konstrukcije na krovu hotela CHEDI, Kompleks Lustica Bay, Radovi\u0107i<\/strong> &#8211; Investitor: NV Besix dsd Tivat<\/li>\n<li><strong>Izrada i monta\u017ea klupa i ograda na marini, Kompleks Lustica Bay, Radovi\u0107i<\/strong> &#8211;\u00a0 Investitor: NV Besix dsd Tivat<\/li>\n<li><strong>Izrada i monta\u017ea \u010deli\u010dne nadste\u0161nice na svetoniku, Kompleks Lustica Bay, Radovi\u0107i<\/strong> &#8211; Investitor: NV Besix dsd Tivat<\/li>\n<li><strong>Izrada i monta\u017ea gara\u017ea od \u010deli\u010dne kontrukcije, Kompleks Lustica Bay, Radovi\u0107i<\/strong> &#8211; Investitor: NV Besix dsd Tivat<\/li>\n<li><strong>Pergole od LLD-a i bravarski radovi, Kompleks Lustica Bay, Radovi\u0107i<\/strong> &#8211; Investitor:I&amp;S Team, Tivat<\/li>\n<li><strong>Izrada pla\u017enog mobilijara, Kompleks Lustica Bay, Radovi\u0107i<\/strong> &#8211; Investitor: Lustica Development AD, Tivat<\/li>\n<li><strong>Izrada pergola i ograda, Kompleks Lustica Bay, Radovi\u0107i<\/strong> &#8211; Investitor: Lustica Development AD, Tivat<\/li>\n<li><strong>Izrada pergola i ljulja\u0161ke, Kompleks Lustica Bay, Radovi\u0107i<\/strong> &#8211; Investitor: Lustica Development AD, Tivat<\/li>\n<li><strong>Stambeno-postovni objekat LKV krovni sistem, Podgorica<\/strong> &#8211; Investitor: Normal company, Podgorica<\/li>\n<li><strong>Izrada i monta\u017ea mosta hotel \u201eHilton\u201c, Podgorica<\/strong> &#8211; Investitor: Hotel \u201eHilton\u201c Podgorica<\/li>\n<li><strong>Izvo\u0111enje radova na opti\u010dkim spojnim putevima na teritoriji Crne Gore u periodu od 1996-2002 godine<\/strong> &#8211; Investitor: PTT Inzenjering, Podgorica<\/li>\n<li><strong>Radovi na pasivnom repetitoru Kovioc, Tk Plu\u017eine<\/strong> &#8211; Investitor: PTT In\u017eenjering<\/li>\n<li><strong>Krovna konstrukcija magacinskog prostora, Podgorica<\/strong> &#8211; Investitor: PTT In\u017eenjering<\/li>\n<li><strong>Dom starih LKV krovni sistem i bravarski radovi, Nik\u0161i\u0107<\/strong> &#8211; Investitor: LD gradnja, Nik\u0161i\u0107<\/li>\n<li><strong>Ograde na stambeno-poslovnom kompleksu, Nik\u0161i\u0107<\/strong> &#8211; Investitor: LD gradnja, Nik\u0161i\u0107<\/li>\n<li><strong>Ograde, Fitnes centar-Dom revolucije, Nik\u0161i\u0107<\/strong> &#8211; Investitor: LD gradnja, Nik\u0161i\u0107<\/li>\n<li><strong>Ograda oko Dnevnog centra, Golubovci<\/strong> &#8211; Investitor: LD gradnja, Nik\u0161i\u0107<\/li>\n<li><strong>Unutra\u0161nje stepeniste na stambenom objektu, Bijela<\/strong> &#8211; Investitor: LD gradnja, Nik\u0161i\u0107<\/li>\n<li><strong>Ograde na stambenom objektu, Bijela<\/strong> &#8211; Investitor: LD gradnja, Nik\u0161i\u0107<\/li>\n<li><strong>Ograda oko igrali\u0161ta O\u0160 \u201eBra\u0107a Ribar\u201c, Nik\u0161i\u0107<\/strong> &#8211; Investitor: LD gradnja, Nik\u0161i\u0107<\/li>\n<li><strong>Ograde na stambenom kompleksu Vrela Ribni\u010dka, Podgorica<\/strong> &#8211; Investitor: LD gradnja, Nik\u0161i\u0107<\/li>\n<li><strong>Ograde oko poslovnog objekta Kalija, Nik\u0161i\u0107<\/strong> &#8211; Investitor: LD gradnja, Nik\u0161i\u0107<\/li>\n<li><strong>Bravraski radovi, Dom starih, Pljevlja<\/strong> &#8211; Investitor: LD gradnja, Nik\u0161i\u0107<\/li>\n<li><strong>Izrada \u010deli\u0107ne konstrukcije za lift na hotelu Mediteran, Be\u010di\u0107i<\/strong> &#8211; Investitor: Spencer&amp;hill team Budva, Budva<\/li>\n<li><strong>Izrada \u010deli\u010dne konstrukcije za pro\u0161irenje terasa na hotelu Mediteran, Be\u010di\u0107i<\/strong> &#8211; Investitor: Spencer&amp;hill team Budva, Budva<\/li>\n<li><strong>Stambeni objekat LKV krovni sistem, Rastoci-Nik\u0161i\u0107<\/strong> &#8211; Investitor: Viking Komp, Nik\u0161i\u0107<\/li>\n<li><strong>Magacinski prostor, Nik\u0161i\u0107<\/strong> &#8211; Investitor: Viking Komp<\/li>\n<li><strong>Dom u mjesnoj zajednici Miolje Polje LKV krovni sistem , Nik\u0161i\u0107<\/strong> &#8211; Investitor: Op\u0161tina Nik\u0161i\u0107, Nik\u0161i\u0107<\/li>\n<li><strong>Suncobrani od LLD-a, pergole od LLD-a, Kompleks La Perla, Kra\u0161i\u0107i<\/strong> &#8211; Investitor: Simes Inzenjering, Podgorica<\/li>\n<li><strong>Plazni bar izrada drvenih obloga i LLD , Dobre\u010d<\/strong> &#8211; Investitor: Simes Inzenjering, Podgorica<\/li>\n<li><strong>Pergole od LLD , Orahovac<\/strong> &#8211; Investitor: Simes Inzenjering, Podgorica<\/li>\n<li><strong>Metalni kontejneri za skladi\u0161tenje opreme, Velja Gora,Urlja\u010da, Potoci, Kru\u010de<\/strong> &#8211; Investitor: RDC, Podgorica<\/li>\n<li><strong>Antenski stub, Potoci, Spas, Lubnice, Tvrda\u0161<\/strong> &#8211; Investitor: RDC, Podgorica<\/li>\n<li><strong>Odr\u017eavanje antenskih sistema Telekoma, Podgorica<\/strong> &#8211; Investitor: Crnogorski Telekom<\/li>\n<li><strong>Izrada i monta\u017ea kontsrukcije jarbola, Gusinje<\/strong> &#8211; Investitor: Crnogorski Telekom<\/li>\n<li><strong>Izvo\u0111enje radova na sanaciji ravnog krova na objetima telefonskigh centrala Brod, Lukovo, Rube\u017ea, Ozrini\u0107i<\/strong> &#8211; Investitor: Crnogorski telekom<\/li>\n<li><strong>Stambeni objekat LKV krovni sistem, Nik\u0161i\u0107<\/strong> &#8211; Investitor: Ramond, Nik\u0161i\u0107<\/li>\n<li><strong>Proizvodna hala LKV krovni sistem, Nik\u0161i\u0107<\/strong> &#8211; Investitor: Ramond, Nik\u0161i\u0107<\/li>\n<li><strong>Izrada pergole od LLD, Sveti Stefan<\/strong> &#8211; Investitor: Top force sistem, Nik\u0161i\u0107<\/li>\n<li><strong>Rekonstrukcija krova Dom zdravlja, Cetinje<\/strong> &#8211; Investitor: Dom zdravlja, Cetinje<\/li>\n<li><strong>Skladi\u0161na hala LKV krovni sistem,Kapino polje &#8211; Nik\u0161i\u0107<\/strong> &#8211; Investitor: NTC Logistics<\/li>\n<li><strong>Stambeni objekat LKV krovni sistem, Brezna-Plu\u017eine<\/strong> &#8211; Investitor: Uprava za \u0161ume Crne Gore, Pljevlja<\/li>\n<li><strong>Bravraski radovi, Dom starih, Pljevlja<\/strong> &#8211; Investitor: LD gradnja, Nik\u0161i\u0107<\/li>\n<li><strong>Antenski stub, Potoci<\/strong> &#8211; Investitor: RDC, Podgorica<\/li>\n<li><strong>Proizvodna hala Novi Monte\u017eiv, Nik\u0161i\u0107<\/strong> &#8211; Investitor: Novi Monte\u017eiv<\/li>\n<li><strong>Hala ma\u0161inskog odr\u017eavanja vjetro park \u201eKrnovo\u201c<\/strong> &#8211; Investitor: POOR<\/li>\n<li><strong>Proizvodno postojenje Mratinje \u2013 rekonstrukcija<\/strong> &#8211; Investitor: EPCG<\/li>\n<li><strong>Ma\u0161inska hala Elektroprivrede Crne Gore, Peru\u0107ica<\/strong> &#8211; Investitor: EPCG<\/li>\n<li><strong>Sama\u010dki hotel HE Piva, Plu\u017eine<\/strong> &#8211; Investitor: EPCG<\/li>\n<li><strong>Upravna zgrada i pomo\u0107ni objekti ED, Cetinje<\/strong> &#8211; Investitor: EPCG<\/li>\n<li><strong>Magacinski prostor, Nik\u0161i\u0107<\/strong> &#8211; Investitor: Viking Komp<\/li>\n<li><strong>Stambeni objekat LKV krovni sistem, Rastoci, Nik\u0161i\u0107<\/strong> &#8211; Investitor: Viking Komp<\/li>\n<li><strong>Poslovni objekat LKV krovni sistem, Nik\u0161i\u0107<\/strong> &#8211; Investitor: Viking Komp<\/li>\n<li><strong>Nadgradnja stambenog objekta, Nik\u0161i\u0107<\/strong> &#8211; Investitor: Knjaz d.o.o.<\/li>\n<li><strong>Poslovni prostor, Podgorica<\/strong> &#8211; Investitor: Knjaz d.o.o.<\/li>\n<li><strong>JU Zavod Komanski Most, Podgorica<\/strong> &#8211; Investitor: JU Zavod Komanski Most<\/li>\n<li><strong>Stambeni objekat za raseljena lica, Nik\u0161i\u0107<\/strong> &#8211; Investitor: LD gradnja<\/li>\n<li><strong>Lu\u010dna hala, Nik\u0161i\u0107<\/strong> &#8211; Investitor: Mehanizacija i programat Nik\u0161i\u0107<\/li>\n<li><strong>Stambeni objekat, Nik\u0161i\u0107<\/strong> &#8211; Investitor: Fast connecting<\/li>\n<li><strong>Nadgradnja proizvodnog kompleksa, Nik\u0161i\u0107<\/strong> &#8211; Investitor: Nik\u0161i\u0107ki mlin<\/li>\n<li><strong>Proizvodni pogon mljekare, Nik\u0161i\u0107<\/strong> &#8211; Investitor: Mljekara Srna<\/li>\n<li><strong>Upravna zgrada autobuske stanice, Nik\u0161i\u0107<\/strong> &#8211; Investitor: Autobuska stanica Nik\u0161i\u0107<\/li>\n<li><strong>Poslovni objekat DHL, Podgorica<\/strong> &#8211; Investitor: DHL<\/li>\n<li><strong>Konzolna nadstre\u0161nica za kola, Podgorica<\/strong> &#8211; Investitor: Privatni<\/li>\n<li><strong>Nadstre\u0161nica, Kra\u0161i\u0107i<\/strong> &#8211; Investitor: Privatni<\/li>\n<li><strong>Restoran DALI, Podgorica<\/strong> &#8211; Investitor: Restoran Dali<\/li>\n<li><strong>Restoran AlPosto Giusto, Tivat<\/strong> &#8211; Investitor: Food Style<\/li>\n<li><strong>Restoran Knja\u017eeva basta, Bar<\/strong> &#8211; Investitor: Knjazeva basta d.o.o.<\/li>\n<li><strong>Restoran Leonardo, Podgorica<\/strong> &#8211; Investitor: Leonardo d.o.o<\/li>\n<li><strong>Restoran Petrof, Podgorica<\/strong> &#8211; Investitor: Petrof d.o.o.<\/li>\n<li><strong>Restoran Planta\u017ee, Vranjina<\/strong> &#8211; Investitor: Planta\u017ee, Podgorica<\/li>\n<li><strong>Vinski podrum, Podostrog<\/strong> &#8211; Investitor: Privatni<\/li>\n<li><strong>Stambena zgrada, Brezna<\/strong> &#8211; Investitor: Stambena zgrada<\/li>\n<li><strong>Upravna zgrada autobuske stanice, Nik\u0161i\u0107<\/strong> &#8211; Investitor: Autobuska stanica Nik\u0161i\u0107<\/li>\n<li><strong>Stambena zgrada, Podgorica<\/strong> &#8211; Investitor: Dely tours<\/li>\n<li><strong>Magacinski prostor, Nik\u0161i\u0107<\/strong> &#8211; Investitor: Ramel Nik\u0161i\u0107<\/li>\n<li><strong>Stambena zgrada, Nik\u0161i\u0107<\/strong> &#8211; Investitor: Ibon Nik\u0161i\u0107<\/li>\n<li><strong>Stambena zgrada A-1, Plu\u017eine<\/strong> &#8211; Investitor: Skup\u0161tina stanara<\/li>\n<li><strong>Dom kulture O\u010dini\u0107i, Cetinje<\/strong> &#8211; Investitor: Op\u0161tina Cetinje<\/li>\n<li><strong>Rekontrukcija zgrade Op\u0161tine Cetinje, Cetinje<\/strong> &#8211; Investitor: Op\u0161tina Cetinje<\/li>\n<li><strong>Farbika hladnjaka Cetinje, Cetinje<\/strong> &#8211; Investitor: EI Obod, Cetinje<\/li>\n<li><strong>Vatrogasni dom i mag.prostor EI \u201eObod\u201c, Cetinje<\/strong> &#8211; Investitor: EI \u201eObod\u201c Cetinje<\/li>\n<li><strong>Snacija ravnog krova trafostanice dispe\u010derskog centra primjenom LKV sistema, Cetinje<\/strong> &#8211; Investitor: EI \u201eObod\u201c Cetinje<\/li>\n<li><strong>Sanacija kompletnog krova na objetima \u201eVladin dom\u201c, arhivrsko-bibliotekarsko odjeljenje, atelje \u201eDado \u0110uri\u0107\u201c, Cetinje<\/strong> &#8211; Investitor: Narodni muzej Cetinje<\/li>\n<li><strong>SO Plu\u017eine \u2013administrativna zgrada, Plu\u017eine<\/strong> &#8211; Investitor: Op\u0161tina Plu\u017eine<\/li>\n<li><strong>Krovna konstrukcija i pokriva\u010d, Nik\u0161i\u0107<\/strong> &#8211; Investitor: Prva banka Crne Gore<\/li>\n<li><strong>Romsko naselje, krovna konrtukcija i pokriva\u010d, Nik\u0161i\u0107<\/strong> &#8211; Investitor: Op\u0161tina Nik\u0161i\u0107<\/li>\n<li><strong>Stambena zgrada, Plu\u017eine<\/strong> &#8211; Investitor: SO Plu\u017eine<\/li>\n<li><strong>Hala Happy dog, Nik\u0161i\u0107<\/strong> &#8211; Investitor: Radoman \u0106irovi\u0107<\/li>\n<li><strong>Dom kulture Crkvi\u010dko polje, Plu\u017eine<\/strong> &#8211; Investitor: COVS Montenegro<\/li>\n<li><strong>JU Gimnazija Kotor, Kotor<\/strong> &#8211; Investitor: JU Gimnazija Kotor<\/li>\n<li><strong>Elektroprenos AD Podgorica, Podgorica<\/strong> &#8211; Investitor: Elektroprenos AD Podgorica<\/li>\n<li><strong>O\u0160 \u201eV. Rolovi\u0107\u201c, Pljevlja<\/strong> &#8211; Investitor: Uprava za \u0161ume Crne Gore<\/li>\n<li><strong>Stambena zgrada \u201eMontex\u201c, Nik\u0161i\u0107<\/strong> &#8211; Investitor: Skup\u0161tina stanara<\/li>\n<li><strong>Stambena zgrada \u201eIn\u0111ija\u201c, Nik\u0161i\u0107<\/strong> &#8211; Investitor: Skup\u0161tina stanara<\/li>\n<li><strong>Izrada LKV krovnog sistema, Nik\u0161i\u0107<\/strong> &#8211; Investitor: ICM Nik\u0161i\u0107<\/li>\n<li><strong>Poslovni objekat Jolly commerc, Nik\u0161i\u0107<\/strong> &#8211; Investitor: Jolly commerc Nik\u0161i\u0107<\/li>\n<li><strong>Nadrgardnja sprata zgrade fakulteta, Biljelo Polje<\/strong> &#8211; Investitor: SO Bijelo Polje<\/li>\n<li><strong>JU O\u0160 \u201eMarko Miljanov\u201c-krovna konstrukcija i pokrivanje, Podgorica<\/strong> &#8211; Investitor: Ministarstvo prosvjete i nauke Crne Gore<\/li>\n<li><strong>JU O\u0160 \u201eNjego\u0161\u201c-krovna konstrukcija i pokrivanje, Kotor<\/strong> &#8211; Investitor: O\u0160 \u201eNjego\u0161\u201c Kotor<\/li>\n<li><strong>JU O\u0160 \u201ePavle Kova\u010devi\u0107\u201c-krovna konstrukcija i pokrivanje, Grahovo<\/strong> &#8211; Investitor: O\u0160 \u201ePavle Kova\u010devi\u0107\u201c Grahovo<\/li>\n<li><strong>Osnovni sud-nadgradnja, Nik\u0161i\u0107<\/strong> &#8211; Investitor: Osnovni sud Nik\u0161i\u0107<\/li>\n<li><strong>\u201eVeritas\u201c krovna kontrukcija i pokriva\u010d, Bijelo polje<\/strong> &#8211; Investitor: Veritas Bijelo Polje<\/li>\n<li><strong>Biro rada-nadgradnja sprata, Nik\u0161i\u0107<\/strong> &#8211; Investitor: ZZZ Crne Gore<\/li>\n<li><strong>Hala Mir-mont, Nik\u0161i\u0107<\/strong> &#8211; Investitor: Mir-mont Nik\u0161i\u0107<\/li>\n<li><strong>Dom MZ Vidrovan<\/strong> &#8211; Investitor: CHF, \u201eBast\u201c Nik\u0161i\u0107<\/li>\n<li><strong>JU O\u0160 \u201eMileva Lajovi\u0107 Lalatovi\u0107\u201c- pokrivanje, Nik\u0161i\u0107<\/strong> &#8211; Investitor: CHF<\/li>\n<li><strong>JU O\u0160 \u201eJago\u0161 Konti\u0107\u201c- pokrivanje, Nik\u0161i\u0107<\/strong> &#8211; Investitor: CHF<\/li>\n<li><strong>JU O\u0160 \u201eBra\u0107a Topalovi\u0107\u201c- pokrivanje,Plu\u017eine<\/strong> &#8211; Investitor: CHF<\/li>\n<li><strong>Sportska hala pokrivanje, Nik\u0161i\u0107<\/strong> &#8211; Investitor: CHF<\/li>\n<li><strong>Izvo\u0111enje gra\u0111evinsko-zanatskih radova u \u201eCentru za obuku pasa\u201c, Zagori\u010d-Podgorica<\/strong> &#8211; Investitor: MUP Crne Gore<\/li>\n<li><strong>Sanacija krova na objektu servisne radionice Rudnika Boksita, Nik\u0161i\u0107<\/strong> &#8211; Investitor: AD Rudnici Bokita Nik\u0161i\u0107<\/li>\n<li><strong>Sanacija krova upravne zgrade Lov\u0107en osiguranja, Nik\u0161i\u0107<\/strong> &#8211; Investitor: Lov\u0107en Osiguranje<\/li>\n<li><strong>Radovi na rekonstrukciji straog grada \u201eBedem\u201c, Nik\u0161i\u0107<\/strong> &#8211; Investitor: Op\u0161tina Nik\u0161i\u0107<\/li>\n<li><strong>Sanacija krova zgrade ulica VI crnoroske P+4, Nik\u0161i\u0107<\/strong> &#8211; Investitor: Skup\u0161tina stanara<\/li>\n<li><strong>Sanacija ravnog krova na zgradi NK-155, Nik\u0161i\u0107<\/strong> &#8211; Investitor: Skup\u0161tina stanara<\/li>\n<li><strong>Sportska hala LKV sitem, Podgorica<\/strong> &#8211; Investitor: Andrija Vujovi\u0107<\/li>\n<li><strong>Sportska hala LKV sitem, Podgorica<\/strong> &#8211; Investitor: Zarija Mara\u0161<\/li>\n<li><strong>Izrada i monta\u017ea plesnog podijuma podmorni\u010dkom tunelu, Rose Herceg Novi<\/strong><\/li>\n<li><strong>Izrada i monta\u017ea krova LKV sitem,JU O\u0160 \u201eRadoje \u010cizmovi\u0107\u201c Ozini\u0107i, Nik\u0161i\u0107<\/strong> &#8211; Investitor: JU O\u0160 \u201eRadoje \u010cizmovi\u0107\u201c Ozini\u0107i, Nik\u0161i\u0107<\/li>\n<li><strong>Rekontrukcija sale za treninge bokserskog kluba \u201eNik\u0161i\u0107\u201c<\/strong> &#8211; Investitor: BK \u201eNik\u0161i\u0107\u201c<\/li>\n<li><strong>Izgradnja industrijske hale za pilanu, Nik\u0161i\u0107<\/strong> &#8211; Investitor: Branko Ad\u017ei\u0107<\/li>\n<li><strong>Izrada i monta\u017ea kontsrukcije u LKV sistemu mansarda, Cetinje<\/strong> &#8211; Investitor: \u201eMartex\u201c Cetinje<\/li>\n<li><strong>Poslovna zgrada \u201eRok\u0161ped\u201c LKV krovni sistem, Podgorica<\/strong> &#8211; Investitor: \u201eRok\u0161ped\u201c Podgorica<\/li>\n<\/ul>\n\t\t\t\t\t\t<\/div>\n\t\t\t\t<\/div>\n\t\t\t\t\t<\/div>\n\t\t<\/div>\n\t\t\t\t\t\t\t<\/div>\n\t\t<\/section>\n\t\t\t\t\t\t\t<\/div>\n\t\t","protected":false},"excerpt":{"rendered":"<p>\u0420\u0435\u0444\u0435\u0440\u0435\u043d\u0446\u0435 Pergole od LLD-a i kovane ograde, Kompleks Lustica Bay, Radovi\u0107i &#8211; Investitor: NV Besix dsd Tivat Izrada unutra\u0161njeg stepeni\u0161ta, \u010deli\u010dna konstrukcija\/hrastova gazi\u0161ta, Kompleks Lustica Bay, Radovi\u0107i &#8211; Investitor: NV Besix dsd Tivat Izrada i monta\u017ea \u010deli\u010dne konstrukcije na ulazu u hotel CHEDI, Kompleks Lustica Bay, Radovi\u0107i &#8211; Investitor: NV Besix dsd Tivat Izrada i [&hellip;]<\/p>\n","protected":false},"author":1,"featured_media":0,"parent":0,"menu_order":0,"comment_status":"closed","ping_status":"closed","template":"","meta":{"_seopress_robots_primary_cat":"","footnotes":""},"_links":{"self":[{"href":"https:\/\/lisina.me\/sr\/wp-json\/wp\/v2\/pages\/850"}],"collection":[{"href":"https:\/\/lisina.me\/sr\/wp-json\/wp\/v2\/pages"}],"about":[{"href":"https:\/\/lisina.me\/sr\/wp-json\/wp\/v2\/types\/page"}],"author":[{"embeddable":true,"href":"https:\/\/lisina.me\/sr\/wp-json\/wp\/v2\/users\/1"}],"replies":[{"embeddable":true,"href":"https:\/\/lisina.me\/sr\/wp-json\/wp\/v2\/comments?post=850"}],"version-history":[{"count":1,"href":"https:\/\/lisina.me\/sr\/wp-json\/wp\/v2\/pages\/850\/revisions"}],"predecessor-version":[{"id":851,"href":"https:\/\/lisina.me\/sr\/wp-json\/wp\/v2\/pages\/850\/revisions\/851"}],"wp:attachment":[{"href":"https:\/\/lisina.me\/sr\/wp-json\/wp\/v2\/media?parent=850"}],"curies":[{"name":"wp","href":"https:\/\/api.w.org\/{rel}","templated":true}]}}